


{"id":1521,"date":"2024-04-20T22:43:12","date_gmt":"2024-04-20T20:43:12","guid":{"rendered":"https:\/\/nepalschoolproject.com\/product\/reusing-rooftops-barcelona-2024-concurso-de-arquitectura\/"},"modified":"2024-09-03T15:57:57","modified_gmt":"2024-09-03T13:57:57","slug":"reusing-rooftops-barcelona-2024-concurso-de-arquitectura","status":"publish","type":"product","link":"https:\/\/nepalschoolproject.com\/es\/producto\/reusing-rooftops-barcelona-2024-concurso-de-arquitectura\/","title":{"rendered":"Schools for Palestine &#8211; Concurso de Arquitectura"},"content":{"rendered":"<p><strong>Schools for Palestine &#8211; Concurso de Arquitectura<\/strong> Al inscribirte, t\u00fa y tu equipo tendr\u00e9is acceso a participar en este concurso, junto con recursos esenciales dise\u00f1ados para estimular vuestra creatividad y guiar vuestro proyecto hacia el \u00e9xito. Esto incluye un <strong>archivo AutoCAD 2D<\/strong> del emplazamiento en Khan Al Ahmar, que proporciona un dise\u00f1o b\u00e1sico sobre el que construir tus ideas innovadoras. Adem\u00e1s, recibir\u00e1s informaci\u00f3n especializada adicional sobre arquitectura humanitaria, disponible s\u00f3lo para los participantes.   Inscr\u00edbete ahora para colaborar en la educaci\u00f3n de los ni\u00f1os palestinos y darles un futuro mejor.<\/p>\n","protected":false},"excerpt":{"rendered":"<p>Inscr\u00edbete y accede al Concurso de Arquitectura Schools for Palestine<\/p>\n","protected":false},"featured_media":4899,"template":"","meta":{"om_disable_all_campaigns":false,"_monsterinsights_skip_tracking":false,"_monsterinsights_sitenote_active":false,"_monsterinsights_sitenote_note":"","_monsterinsights_sitenote_category":0,"_uf_show_specific_survey":0,"_uf_disable_surveys":false},"product_brand":[],"product_cat":[50],"product_tag":[],"class_list":{"0":"post-1521","1":"product","2":"type-product","3":"status-publish","4":"has-post-thumbnail","6":"product_cat-sin-categorizar","8":"first","9":"instock","10":"downloadable","11":"virtual","12":"taxable","13":"purchasable","14":"product-type-simple"},"aioseo_notices":[],"_links":{"self":[{"href":"https:\/\/nepalschoolproject.com\/es\/wp-json\/wp\/v2\/product\/1521","targetHints":{"allow":["GET"]}}],"collection":[{"href":"https:\/\/nepalschoolproject.com\/es\/wp-json\/wp\/v2\/product"}],"about":[{"href":"https:\/\/nepalschoolproject.com\/es\/wp-json\/wp\/v2\/types\/product"}],"wp:featuredmedia":[{"embeddable":true,"href":"https:\/\/nepalschoolproject.com\/es\/wp-json\/wp\/v2\/media\/4899"}],"wp:attachment":[{"href":"https:\/\/nepalschoolproject.com\/es\/wp-json\/wp\/v2\/media?parent=1521"}],"wp:term":[{"taxonomy":"product_brand","embeddable":true,"href":"https:\/\/nepalschoolproject.com\/es\/wp-json\/wp\/v2\/product_brand?post=1521"},{"taxonomy":"product_cat","embeddable":true,"href":"https:\/\/nepalschoolproject.com\/es\/wp-json\/wp\/v2\/product_cat?post=1521"},{"taxonomy":"product_tag","embeddable":true,"href":"https:\/\/nepalschoolproject.com\/es\/wp-json\/wp\/v2\/product_tag?post=1521"}],"curies":[{"name":"wp","href":"https:\/\/api.w.org\/{rel}","templated":true}]}}